{"id":1866,"date":"2018-07-03T18:13:23","date_gmt":"2018-07-03T16:13:23","guid":{"rendered":"https:\/\/www.papetdelmas.com\/?page_id=1866"},"modified":"2018-07-03T18:13:23","modified_gmt":"2018-07-03T16:13:23","slug":"politica-de-privacitat-i-avis-legal","status":"publish","type":"page","link":"https:\/\/www.papetdelmas.com\/ca\/politica-de-privacitat-i-avis-legal\/","title":{"rendered":"Pol\u00edtica de privacitat i av\u00eds legal"},"content":{"rendered":"<p><strong><em>PROTECCI\u00d3 DE DADES RA\u00d3 SOCIAL.<\/em><\/strong><\/p>\n<p><em>L&#8217;empresa garanteix als usuaris de la p\u00e0gina web que compleix amb el Reglament General de Protecci\u00f3 de Dades (UE) 2016\/679, i que ha establert les mesures de seguretat exigides per les lleis i reglaments destinats a preservar el secret, confidencialitat i integritat en el tractament de les seves dades personals.<\/em><em>\u00a0<\/em><em>Aquestes dades personals seran utilitzades en la forma i amb les limitacions i drets que concedeix la protecci\u00f3 de dades de car\u00e0cter personal.<\/em><em>\u00a0<\/em><em>La recollida i tractament de les dades personals sol\u00b7licitades t\u00e9 com a finalitat l&#8217;atenci\u00f3 a l&#8217;usuari, tant administrativa com comercial. JOSEP MARIA SURIOL LLUCH es compromet a guardar la m\u00e0xima reserva, secret i confidencialitat sobre la informaci\u00f3 de les dades personals que t\u00e9 a la seva disposici\u00f3. Vost\u00e8 t\u00e9 dret a obtenir confirmaci\u00f3 sobre si en JOSEP MARIA SURIOL LLUCH estem tractant les seves dades personals, per tant t\u00e9 dret a accedir a les seves dades personals, rectificar les dades inexactes o sol\u00b7licitar la seva supressi\u00f3 quan les dades ja no siguin necess\u00e0ries per als fins que van ser recollides.<\/em><\/p>\n<p>&nbsp;<\/p>\n<p><strong><em>AV\u00cdS LEGAL LSSI \u2013 CE <\/em><\/strong><em>\u00a0<\/em><\/p>\n<p><em>En compliment de la Llei 34\/2002, de 11 de juliol, de Serveis de la Societat de la Informaci\u00f3 i de Comer\u00e7 Electr\u00f2nic (LSSI-CE), l&#8217;entitat JOSEP MARIA SURIOL LLUCH li informa que \u00e9s titular del lloc web. D&#8217;acord amb l&#8217;exig\u00e8ncia de l&#8217;article 10 de l&#8217;esmentada Llei, informa de les seg\u00fcents dades:<\/em><\/p>\n<p><em>El titular d&#8217;aquest lloc web \u00e9s: JOSEP MARIA SURIOL LLUCH <\/em><\/p>\n<p><em>NIF: 46630789Z<\/em><\/p>\n<p><em>\u00a0Domicili social: LES CASETES, 20 Fontrub\u00ed (BARCELONA)<\/em><\/p>\n<p>&nbsp;<\/p>\n<p><strong><em>USUARIS<\/em><\/strong><\/p>\n<p>L&#8217;acc\u00e9s i \/ o \u00fas d&#8217;aquest portal li atribueix la condici\u00f3 d&#8217;USUARI, que accepta, des d&#8217;aquest acc\u00e9s i \/ o \u00fas, les Condicions Generals d&#8217;\u00das aqu\u00ed reflectides. Les esmentades Condicions s&#8217;aplicaran independentment de les Condicions Generals de Contractaci\u00f3 que si escau resultin d&#8217;obligat compliment.<\/p>\n<p>&nbsp;<\/p>\n<p><strong><em>\u00daS DEL PORTAL<\/em><\/strong><\/p>\n<p><em>La p\u00e0gina web proporciona l&#8217;acc\u00e9s a multitud d&#8217;informacions, serveis, programes o dades (des d&#8217;ara, &#8220;els continguts&#8221;) a Internet pertanyents a JOSEP MARIA SURIOL LLUCH o als seus llicenciants als quals l&#8217;usuari pugui tenir acc\u00e9s. L&#8217;usuari assumeix la responsabilitat de l&#8217;\u00fas del portal. Aquesta responsabilitat s&#8217;est\u00e9n al registre que fos necessari per accedir a determinats serveis o continguts. En aquest registre l&#8217;USUARI ser\u00e0 responsable d&#8217;aportar informaci\u00f3 vera\u00e7 i l\u00edcita. Com a conseq\u00fc\u00e8ncia d&#8217;aquest registre, a l&#8217;USUARI se li pot proporcionar una contrasenya de la qual ser\u00e0 responsable, comprometent-se a fer un \u00fas diligent i confidencial de la mateixa. L&#8217;usuari es compromet a fer un \u00fas adequat dels continguts i serveis que JOSEP MARIA SURIOL LLUCH ofereix a trav\u00e9s del seu portal i amb car\u00e0cter enunciatiu per\u00f2 no limitador, a no emprar-los per:<\/em><\/p>\n<p><em>\u00a0<\/em><em>(I) inc\u00f3rrer en activitats il\u00b7l\u00edcites, il\u00b7legals o contr\u00e0ries a la bona fe i a l&#8217;ordre p\u00fablic.<\/em><\/p>\n<p><em>(II) difondre continguts o propaganda de car\u00e0cter racista, xen\u00f2fob, pornogr\u00e0fic-il\u00b7legal, d&#8217;apologia del terrorisme o que atempti contra els drets humans. <\/em><\/p>\n<p><em>(III) provocar danys en els sistemes f\u00edsics i l\u00f2gics de JOSEP MARIA SURIOL LLUCH, dels seus prove\u00efdors o de terceres persones, introduir o difondre a la xarxa virus inform\u00e0tics o qualsevols altres sistemes f\u00edsics o l\u00f2gics que siguin susceptibles de provocar els danys anteriorment esmentats.<\/em><\/p>\n<p><em>(IV) intentar accedir i, si s&#8217;escau, utilitzar els comptes de correu electr\u00f2nic d&#8217;altres usuaris i modificar manipular els seus missatges. JOSEP MARIA SURIOL LLUCH es reserva el dret de retirar tots aquells comentaris i aportacions que vulnerin el respecte a la dignitat de la persona, que siguin discriminatoris, xen\u00f2fobs, racistes, pornogr\u00e0fics, que atemptin contra la joventut o la inf\u00e0ncia, l&#8217;ordre o la seguretat p\u00fablica o que, al seu parer, no resultessin adequats per a la seva publicaci\u00f3. En qualsevol cas, JOSEP MARIA SURIOL LLUCH no ser\u00e0 responsable de les opinions abocades pels usuaris a trav\u00e9s dels f\u00f2rums, xats, o altres eines de participaci\u00f3.<\/em><em><br \/>\n<\/em><\/p>\n<p>&nbsp;<\/p>\n<p><strong><em>PROPIETAT INTEL\u00b7LECTUAL I INDUSTRIAL<\/em><\/strong><\/p>\n<p><em>JOSEP MARIA SURIOL LLUCH ser\u00e0 titular de tots els drets de propietat intel\u00b7lectual i industrial de la seva p\u00e0gina web, aix\u00ed com dels elements continguts en la mateixa (a t\u00edtol enunciatiu, imatges, so, \u00e0udio, v\u00eddeo, programari o textos; marques o logotips, combinacions de colors, estructura i disseny, selecci\u00f3 de materials usats, programes d&#8217;ordinador necessaris per al seu funcionament, acc\u00e9s i \u00fas, etc.) ..<\/em><em>\u00a0<\/em><em>Tots els drets reservats. En virtut del que disposen els articles 8 i 32.1, par\u00e0graf segon, de la Llei de Propietat Intel\u00b7lectual, queden expressament prohibides la reproducci\u00f3, la distribuci\u00f3 i la comunicaci\u00f3 p\u00fablica, inclosa la seva modalitat de posada a disposici\u00f3, de la totalitat o part dels continguts d&#8217;aquesta p\u00e0gina web, amb fins comercials, en qualsevol suport i per qualsevol mitj\u00e0 t\u00e8cnic, sense l&#8217;autoritzaci\u00f3 de JOSEP MARIA SURIOL LLUCH. L&#8217;usuari es compromet a respectar els drets de Propietat Intel\u00b7lectual i Industrial titularitat de JOSEP MARIA SURIOL LLUCH. Podr\u00e0 visualitzar els elements del portal i fins i tot imprimir-los, copiar-los i emmagatzemar-los al disc dur del seu ordinador o en qualsevol altre suport f\u00edsic sempre que sigui, \u00fanica i exclusivament, per al seu \u00fas personal i privat. L&#8217;usuari haur\u00e0 d&#8217;abstenir-se de suprimir, alterar, eludir o manipular qualsevol dispositiu de protecci\u00f3 o sistema de seguretat que estigu\u00e9s instal\u00b7lat al les p\u00e0gines de JOSEP MARIA SURIOL LLUCH.<\/em><\/p>\n<p><strong><em>\u00a0<\/em><\/strong><\/p>\n<p><strong><em>EXCLUSI\u00d3 DE GARANTIES I RESPONSABILITAT<\/em><\/strong><\/p>\n<p><em>JOSEP MARIA SURIOL LLUCH no es fa responsable, en cap cas, dels danys i perjudicis de qualsevol naturalesa que poguessin ocasionar, a t\u00edtol enunciatiu: errors o omissions en els continguts, falta de disponibilitat del portal o la transmissi\u00f3 de virus o programes maliciosos o lesius en els continguts, malgrat haver adoptat totes les mesures tecnol\u00f2giques necess\u00e0ries per evitar-ho.<\/em><\/p>\n<p>&nbsp;<\/p>\n<p><strong><em>MODIFICACIONS<\/em><\/strong><\/p>\n<p><em>JOSEP MARIA SURIOL LLUCH es reserva el dret d&#8217;efectuar sense previ av\u00eds les modificacions que consideri oportunes al seu portal, podent canviar, suprimir o afegir tant els continguts i serveis que es prestin a trav\u00e9s de la mateixa com la forma en qu\u00e8 aquests apareguin presentats o localitzats en el seu portal.<\/em><\/p>\n<p>&nbsp;<\/p>\n<p><strong><em>ENLLA\u00c7OS<\/em><\/strong><\/p>\n<p><em>En el cas que a la p\u00e0gina web es disposessin enlla\u00e7os o hipervincles cap a altres llocs d&#8217;Internet, JOSEP MARIA SURIOL LLUCH no exercir\u00e0 cap tipus de control sobre aquests llocs i continguts. En cap cas JOSEP MARIA SURIOL LLUCH assumir\u00e0 responsabilitat alguna pels continguts d&#8217;algun enlla\u00e7 pertanyent a un lloc web ali\u00e8, ni garantir\u00e0 la disponibilitat t\u00e8cnica, qualitat, fiabilitat, exactitud, amplitud, veracitat, validesa i constitucionalitat de qualsevol material o informaci\u00f3 continguda en cap d&#8217;aquests hipervincles o altres llocs d&#8217;Internet.<\/em><em>Igualment, la inclusi\u00f3 d&#8217;aquestes connexions externes no implicar\u00e0 cap tipus d&#8217;associaci\u00f3, fusi\u00f3 o participaci\u00f3 amb les entitats connectades.<\/em><\/p>\n<p>&nbsp;<\/p>\n<p><strong><em>DRET D\u2019 EXCLUSI\u00d3<\/em><\/strong><\/p>\n<p><em>JOSEP MARIA SURIOL LLUCH es reserva el dret a denegar o retirar l&#8217;acc\u00e9s a portal i \/ o els serveis oferts sense necessitat de preav\u00eds, a inst\u00e0ncia pr\u00f2pia o d&#8217;un tercer, a aquells usuaris que incompleixin les presents Condicions Generals d&#8217;\u00das.<\/em><\/p>\n<p>&nbsp;<\/p>\n<p><strong><em>GENERALITATS<\/em><\/strong><\/p>\n<p><em>JOSEP MARIA SURIOL LLUCH perseguir\u00e0 l&#8217;incompliment de les presents condicions, aix\u00ed com qualsevol utilitzaci\u00f3 indeguda del seu portal exercint totes les accions civils i penals que li puguin correspondre en dret.<\/em><\/p>\n<p>&nbsp;<\/p>\n<p><strong><em>MODIFICACI\u00d3 DE LES PRESENTS CONDICIONS I DURACI\u00d3<\/em><\/strong><\/p>\n<p><em>JOSEP MARIA SURIOL LLUCH podr\u00e0 modificar en qualsevol moment les condicions aqu\u00ed determinades, sent degudament publicades com aqu\u00ed apareixen. La vig\u00e8ncia de les citades condicions anir\u00e0 en funci\u00f3 de la seva exposici\u00f3 i estaran vigents fins degudament publicades que siguin modificades per unes altres.<\/em><\/p>\n<p>&nbsp;<\/p>\n<p><strong><em>LEGISLACI\u00d3 APLICABLE I JURISDICCI\u00d3<\/em><\/strong><\/p>\n<p><em>La relaci\u00f3 entre JOSEP MARIA SURIOL LLUCH i l&#8217;USUARI es regir\u00e0 per la normativa espanyola vigent i qualsevol controv\u00e8rsia es sotmetr\u00e0 als Jutjats i tribunals de la ciutat anteriorment indicada.<\/em><em><br \/>\n<\/em><\/p>\n","protected":false},"excerpt":{"rendered":"<p>PROTECCI\u00d3 DE DADES RA\u00d3 SOCIAL. L&#8217;empresa garanteix als usuaris de la p\u00e0gina web que compleix amb el Reglament General de Protecci\u00f3 de Dades (UE) 2016\/679, i que ha establert les [&hellip;]<\/p>\n","protected":false},"author":1,"featured_media":0,"parent":0,"menu_order":0,"comment_status":"closed","ping_status":"closed","template":"","meta":{"_acf_changed":false,"inline_featured_image":false,"site-sidebar-layout":"default","site-content-layout":"","ast-site-content-layout":"default","site-content-style":"default","site-sidebar-style":"default","ast-global-header-display":"","ast-banner-title-visibility":"","ast-main-header-display":"","ast-hfb-above-header-display":"","ast-hfb-below-header-display":"","ast-hfb-mobile-header-display":"","site-post-title":"","ast-breadcrumbs-content":"","ast-featured-img":"","footer-sml-layout":"","ast-disable-related-posts":"","theme-transparent-header-meta":"","adv-header-id-meta":"","stick-header-meta":"","header-above-stick-meta":"","header-main-stick-meta":"","header-below-stick-meta":"","astra-migrate-meta-layouts":"default","ast-page-background-enabled":"default","ast-page-background-meta":{"desktop":{"background-color":"","background-image":"","background-repeat":"repeat","background-position":"center center","background-size":"auto","background-attachment":"scroll","background-type":"","background-media":"","overlay-type":"","overlay-color":"","overlay-opacity":"","overlay-gradient":""},"tablet":{"background-color":"","background-image":"","background-repeat":"repeat","background-position":"center center","background-size":"auto","background-attachment":"scroll","background-type":"","background-media":"","overlay-type":"","overlay-color":"","overlay-opacity":"","overlay-gradient":""},"mobile":{"background-color":"","background-image":"","background-repeat":"repeat","background-position":"center center","background-size":"auto","background-attachment":"scroll","background-type":"","background-media":"","overlay-type":"","overlay-color":"","overlay-opacity":"","overlay-gradient":""}},"ast-content-background-meta":{"desktop":{"background-color":"var(--ast-global-color-5)","background-image":"","background-repeat":"repeat","background-position":"center center","background-size":"auto","background-attachment":"scroll","background-type":"","background-media":"","overlay-type":"","overlay-color":"","overlay-opacity":"","overlay-gradient":""},"tablet":{"background-color":"var(--ast-global-color-5)","background-image":"","background-repeat":"repeat","background-position":"center center","background-size":"auto","background-attachment":"scroll","background-type":"","background-media":"","overlay-type":"","overlay-color":"","overlay-opacity":"","overlay-gradient":""},"mobile":{"background-color":"var(--ast-global-color-5)","background-image":"","background-repeat":"repeat","background-position":"center center","background-size":"auto","background-attachment":"scroll","background-type":"","background-media":"","overlay-type":"","overlay-color":"","overlay-opacity":"","overlay-gradient":""}},"footnotes":""},"class_list":["post-1866","page","type-page","status-publish","hentry"],"acf":[],"_links":{"self":[{"href":"https:\/\/www.papetdelmas.com\/ca\/wp-json\/wp\/v2\/pages\/1866","targetHints":{"allow":["GET"]}}],"collection":[{"href":"https:\/\/www.papetdelmas.com\/ca\/wp-json\/wp\/v2\/pages"}],"about":[{"href":"https:\/\/www.papetdelmas.com\/ca\/wp-json\/wp\/v2\/types\/page"}],"author":[{"embeddable":true,"href":"https:\/\/www.papetdelmas.com\/ca\/wp-json\/wp\/v2\/users\/1"}],"replies":[{"embeddable":true,"href":"https:\/\/www.papetdelmas.com\/ca\/wp-json\/wp\/v2\/comments?post=1866"}],"version-history":[{"count":0,"href":"https:\/\/www.papetdelmas.com\/ca\/wp-json\/wp\/v2\/pages\/1866\/revisions"}],"wp:attachment":[{"href":"https:\/\/www.papetdelmas.com\/ca\/wp-json\/wp\/v2\/media?parent=1866"}],"curies":[{"name":"wp","href":"https:\/\/api.w.org\/{rel}","templated":true}]}}