{"id":1408,"date":"2017-05-03T23:43:28","date_gmt":"2017-05-03T21:43:28","guid":{"rendered":"https:\/\/www.papetdelmas.com\/?post_type=product&#038;p=1408\/"},"modified":"2024-06-05T00:00:12","modified_gmt":"2024-06-04T22:00:12","slug":"badabadoc-trepat","status":"publish","type":"product","link":"https:\/\/www.papetdelmas.com\/ca\/tienda\/vins\/badabadoc-trepat\/","title":{"rendered":"badaBADOC TREPAT vi negre"},"content":{"rendered":"<p><strong>ORIGEN:<\/strong> D.O. Conca de Barber\u00e0.<\/p>\n<p><strong>TIPUS DE VI: <\/strong>Negre amb 6 mesos en b\u00f3ta de roure franc\u00e8s.<\/p>\n<p><strong>RA\u00cfMS:<\/strong>\u00a0Trepat 100%.<\/p>\n<p><strong>ALCOHOL:\u00a0<\/strong>13%.<\/p>\n","protected":false},"excerpt":{"rendered":"<p>Vi negre 100% Trepat (D.O. Conca de Barber\u00e0), int\u00e8ns per\u00f2 suau, consistent i refrescant. Eleg\u00e0ncia pura.<\/p>\n<p>Sobremaduraci\u00f3 en vinya i fermentat en barrica de roure franc\u00e8s durant 6 mesos on es van submerint les pells per a una bona i equilibrada extracci\u00f3 dels tanins.<\/p>\n","protected":false},"featured_media":8455,"comment_status":"closed","ping_status":"closed","template":"","meta":{"_acf_changed":false,"inline_featured_image":false,"site-sidebar-layout":"default","site-content-layout":"default","ast-site-content-layout":"default","site-content-style":"default","site-sidebar-style":"default","ast-global-header-display":"","ast-banner-title-visibility":"","ast-main-header-display":"","ast-hfb-above-header-display":"","ast-hfb-below-header-display":"","ast-hfb-mobile-header-display":"","site-post-title":"","ast-breadcrumbs-content":"","ast-featured-img":"","footer-sml-layout":"","ast-disable-related-posts":"","theme-transparent-header-meta":"default","adv-header-id-meta":"","stick-header-meta":"default","header-above-stick-meta":"","header-main-stick-meta":"","header-below-stick-meta":"","astra-migrate-meta-layouts":"default","ast-page-background-enabled":"default","ast-page-background-meta":{"desktop":{"background-color":"","background-image":"","background-repeat":"repeat","background-position":"center center","background-size":"auto","background-attachment":"scroll","background-type":"","background-media":"","overlay-type":"","overlay-color":"","overlay-opacity":"","overlay-gradient":""},"tablet":{"background-color":"","background-image":"","background-repeat":"repeat","background-position":"center center","background-size":"auto","background-attachment":"scroll","background-type":"","background-media":"","overlay-type":"","overlay-color":"","overlay-opacity":"","overlay-gradient":""},"mobile":{"background-color":"","background-image":"","background-repeat":"repeat","background-position":"center center","background-size":"auto","background-attachment":"scroll","background-type":"","background-media":"","overlay-type":"","overlay-color":"","overlay-opacity":"","overlay-gradient":""}},"ast-content-background-meta":{"desktop":{"background-color":"var(--ast-global-color-5)","background-image":"","background-repeat":"repeat","background-position":"center center","background-size":"auto","background-attachment":"scroll","background-type":"","background-media":"","overlay-type":"","overlay-color":"","overlay-opacity":"","overlay-gradient":""},"tablet":{"background-color":"var(--ast-global-color-5)","background-image":"","background-repeat":"repeat","background-position":"center center","background-size":"auto","background-attachment":"scroll","background-type":"","background-media":"","overlay-type":"","overlay-color":"","overlay-opacity":"","overlay-gradient":""},"mobile":{"background-color":"var(--ast-global-color-5)","background-image":"","background-repeat":"repeat","background-position":"center center","background-size":"auto","background-attachment":"scroll","background-type":"","background-media":"","overlay-type":"","overlay-color":"","overlay-opacity":"","overlay-gradient":""}}},"product_brand":[],"product_cat":[59],"product_tag":[],"class_list":{"0":"post-1408","1":"product","2":"type-product","3":"status-publish","4":"has-post-thumbnail","6":"product_cat-vins","7":"desktop-align-center","8":"tablet-align-center","9":"mobile-align-center","10":"ast-product-gallery-layout-horizontal","11":"ast-product-gallery-with-no-image","13":"first","14":"instock","15":"taxable","16":"shipping-taxable","17":"purchasable","18":"product-type-simple"},"acf":[],"_links":{"self":[{"href":"https:\/\/www.papetdelmas.com\/ca\/wp-json\/wp\/v2\/product\/1408","targetHints":{"allow":["GET"]}}],"collection":[{"href":"https:\/\/www.papetdelmas.com\/ca\/wp-json\/wp\/v2\/product"}],"about":[{"href":"https:\/\/www.papetdelmas.com\/ca\/wp-json\/wp\/v2\/types\/product"}],"replies":[{"embeddable":true,"href":"https:\/\/www.papetdelmas.com\/ca\/wp-json\/wp\/v2\/comments?post=1408"}],"wp:featuredmedia":[{"embeddable":true,"href":"https:\/\/www.papetdelmas.com\/ca\/wp-json\/wp\/v2\/media\/8455"}],"wp:attachment":[{"href":"https:\/\/www.papetdelmas.com\/ca\/wp-json\/wp\/v2\/media?parent=1408"}],"wp:term":[{"taxonomy":"product_brand","embeddable":true,"href":"https:\/\/www.papetdelmas.com\/ca\/wp-json\/wp\/v2\/product_brand?post=1408"},{"taxonomy":"product_cat","embeddable":true,"href":"https:\/\/www.papetdelmas.com\/ca\/wp-json\/wp\/v2\/product_cat?post=1408"},{"taxonomy":"product_tag","embeddable":true,"href":"https:\/\/www.papetdelmas.com\/ca\/wp-json\/wp\/v2\/product_tag?post=1408"}],"curies":[{"name":"wp","href":"https:\/\/api.w.org\/{rel}","templated":true}]}}