{"id":621,"date":"2016-02-25T12:18:06","date_gmt":"2016-02-25T11:18:06","guid":{"rendered":"http:\/\/www.vilasset.com\/papet\/producto\/uncategorized\/lot-degusta\/?lang=ca"},"modified":"2025-10-08T19:45:41","modified_gmt":"2025-10-08T17:45:41","slug":"lot-degusta","status":"publish","type":"product","link":"https:\/\/www.papetdelmas.com\/ca\/tienda\/lots-de-regal\/lot-degusta\/","title":{"rendered":"Lot DEGUSTA"},"content":{"rendered":"<p><span data-verified=\"redactor\" data-redactor-tag=\"span\" data-redactor-style=\"font-size: 10.0pt; line-height: 115%;\">1 x 6 Caixa de cartr\u00f3 de qualitat contenint:<\/span><\/p>\n<ul>\n<li><span data-verified=\"redactor\" data-redactor-tag=\"span\" data-redactor-style=\"font-size: 10.0pt; line-height: 115%; mso-ansi-language: EN-US;\">1 Bot. Vi Blanc TARRIDA <\/span><\/li>\n<li><span data-verified=\"redactor\" data-redactor-tag=\"span\" data-redactor-style=\"font-size: 10.0pt; line-height: 115%; mso-ansi-language: EN-US;\">1 Bot. Vi Negre TARRIDA <\/span><\/li>\n<li><span data-verified=\"redactor\" data-redactor-tag=\"span\" data-redactor-style=\"font-size: 10.0pt; line-height: 115%;\">1 Bot. Cava Rosat PAPET DEL MAS <\/span><\/li>\n<li><span data-verified=\"redactor\" data-redactor-tag=\"span\" data-redactor-style=\"font-size: 10pt; line-height: 115%; text-indent: -18pt;\">1 Bot. Cava Brut Nature Reserva PAPET DEL MAS <\/span><\/li>\n<li><span data-verified=\"redactor\" data-redactor-tag=\"span\" data-redactor-style=\"font-size: 10pt; line-height: 115%; text-indent: -18pt;\">1 Bot. Cava Brut Nature PAPET DEL MAS <\/span><\/li>\n<li><span data-verified=\"redactor\" data-redactor-tag=\"span\" data-redactor-style=\"font-size: 10pt; line-height: 115%; text-indent: -18pt;\">1 badaBADOC Xarel\u00b7lo<\/span><\/li>\n<\/ul>\n","protected":false},"excerpt":{"rendered":"<p>Si ets aventurer\/a i t&#8217;agrada tastar-ho tot, aqu\u00ed tens un lot amb tots els nostres productes b\u00e0sics, els que \u00e9s obligatori tastar. La millor relaci\u00f3 qualitat\/preu en un lot de regal.<\/p>\n<p>Avui, pots fer molt feli\u00e7 alg\u00fa.<\/p>\n","protected":false},"featured_media":9475,"comment_status":"closed","ping_status":"closed","template":"","meta":{"_acf_changed":false,"inline_featured_image":false,"site-sidebar-layout":"default","site-content-layout":"default","ast-site-content-layout":"default","site-content-style":"default","site-sidebar-style":"default","ast-global-header-display":"","ast-banner-title-visibility":"","ast-main-header-display":"","ast-hfb-above-header-display":"","ast-hfb-below-header-display":"","ast-hfb-mobile-header-display":"","site-post-title":"","ast-breadcrumbs-content":"","ast-featured-img":"","footer-sml-layout":"","ast-disable-related-posts":"","theme-transparent-header-meta":"default","adv-header-id-meta":"","stick-header-meta":"default","header-above-stick-meta":"","header-main-stick-meta":"","header-below-stick-meta":"","astra-migrate-meta-layouts":"default","ast-page-background-enabled":"default","ast-page-background-meta":{"desktop":{"background-color":"","background-image":"","background-repeat":"repeat","background-position":"center center","background-size":"auto","background-attachment":"scroll","background-type":"","background-media":"","overlay-type":"","overlay-color":"","overlay-opacity":"","overlay-gradient":""},"tablet":{"background-color":"","background-image":"","background-repeat":"repeat","background-position":"center center","background-size":"auto","background-attachment":"scroll","background-type":"","background-media":"","overlay-type":"","overlay-color":"","overlay-opacity":"","overlay-gradient":""},"mobile":{"background-color":"","background-image":"","background-repeat":"repeat","background-position":"center center","background-size":"auto","background-attachment":"scroll","background-type":"","background-media":"","overlay-type":"","overlay-color":"","overlay-opacity":"","overlay-gradient":""}},"ast-content-background-meta":{"desktop":{"background-color":"var(--ast-global-color-5)","background-image":"","background-repeat":"repeat","background-position":"center center","background-size":"auto","background-attachment":"scroll","background-type":"","background-media":"","overlay-type":"","overlay-color":"","overlay-opacity":"","overlay-gradient":""},"tablet":{"background-color":"var(--ast-global-color-5)","background-image":"","background-repeat":"repeat","background-position":"center center","background-size":"auto","background-attachment":"scroll","background-type":"","background-media":"","overlay-type":"","overlay-color":"","overlay-opacity":"","overlay-gradient":""},"mobile":{"background-color":"var(--ast-global-color-5)","background-image":"","background-repeat":"repeat","background-position":"center center","background-size":"auto","background-attachment":"scroll","background-type":"","background-media":"","overlay-type":"","overlay-color":"","overlay-opacity":"","overlay-gradient":""}}},"product_brand":[],"product_cat":[58],"product_tag":[161,160],"class_list":{"0":"post-621","1":"product","2":"type-product","3":"status-publish","4":"has-post-thumbnail","6":"product_cat-lots-de-regal","7":"product_tag-enviament-gratuit","8":"product_tag-lot-de-nadal","9":"desktop-align-center","10":"tablet-align-center","11":"mobile-align-center","12":"ast-product-gallery-layout-horizontal","13":"ast-product-gallery-with-no-image","15":"first","16":"instock","17":"featured","18":"taxable","19":"shipping-taxable","20":"purchasable","21":"product-type-simple"},"acf":[],"_links":{"self":[{"href":"https:\/\/www.papetdelmas.com\/ca\/wp-json\/wp\/v2\/product\/621","targetHints":{"allow":["GET"]}}],"collection":[{"href":"https:\/\/www.papetdelmas.com\/ca\/wp-json\/wp\/v2\/product"}],"about":[{"href":"https:\/\/www.papetdelmas.com\/ca\/wp-json\/wp\/v2\/types\/product"}],"replies":[{"embeddable":true,"href":"https:\/\/www.papetdelmas.com\/ca\/wp-json\/wp\/v2\/comments?post=621"}],"wp:featuredmedia":[{"embeddable":true,"href":"https:\/\/www.papetdelmas.com\/ca\/wp-json\/wp\/v2\/media\/9475"}],"wp:attachment":[{"href":"https:\/\/www.papetdelmas.com\/ca\/wp-json\/wp\/v2\/media?parent=621"}],"wp:term":[{"taxonomy":"product_brand","embeddable":true,"href":"https:\/\/www.papetdelmas.com\/ca\/wp-json\/wp\/v2\/product_brand?post=621"},{"taxonomy":"product_cat","embeddable":true,"href":"https:\/\/www.papetdelmas.com\/ca\/wp-json\/wp\/v2\/product_cat?post=621"},{"taxonomy":"product_tag","embeddable":true,"href":"https:\/\/www.papetdelmas.com\/ca\/wp-json\/wp\/v2\/product_tag?post=621"}],"curies":[{"name":"wp","href":"https:\/\/api.w.org\/{rel}","templated":true}]}}