{"id":660,"date":"2016-02-25T01:00:32","date_gmt":"2016-02-25T00:00:32","guid":{"rendered":"http:\/\/www.vilasset.com\/papet\/producto\/uncategorized\/papet-del-mas-brut\/?lang=ca"},"modified":"2026-03-07T01:43:15","modified_gmt":"2026-03-07T00:43:15","slug":"papet-del-mas-brut","status":"publish","type":"product","link":"https:\/\/www.papetdelmas.com\/ca\/tienda\/caves\/papet-del-mas-brut\/","title":{"rendered":"Papet Del Mas Brut"},"content":{"rendered":"<p><strong>ORIGEN:<\/strong> O. Cava, Pened\u00e8s, Barcelona,<\/p>\n<p><strong>TIPUS DE VI:<\/strong> Cava<\/p>\n<p><strong>RA\u00cfMS:<\/strong> 25% Macabeu, 50% Xarel\u00b7lo, 25% Parellada<\/p>\n<p><strong>ALCOHOL: <\/strong>11,5%<\/p>\n<p><strong>Apr\u00e8n m\u00e9s sobre aquest cava:<\/strong><\/p>\n<ul>\n<li><a href=\"https:\/\/www.papetdelmas.com\/ca\/blog\/el-maridatge-perfecte-descobreix-quins-plats-realcen-els-teus-caves-preferits\/\">El maridatge perfecte amb cava<\/a><\/li>\n<li><a href=\"https:\/\/www.papetdelmas.com\/ca\/blog\/com-fer-un-aperol-spritz-amb-cava-catala-la-combinacio-perfecta-per-sorprendre-als-teus-convidats\/\">Aperol Spritz amb cava catal\u00e0<\/a><\/li>\n<li><a href=\"https:\/\/www.papetdelmas.com\/ca\/blog\/combinar-el-cava-amb-les-torrades-una-proposta-per-a-setmana-santa\/\">Cava i torrades per a Setmana Santa<\/a><\/li>\n<\/ul>\n","protected":false},"excerpt":{"rendered":"<div class=\"product-desc-long body-1\">\n<div>Un dels nostres caves tradicionals m\u00e9s emblem\u00e0tics. Elaborat amb un assemblatge especial de xarel\u00b7lo, macabeu i parellada pel nostre mestre de celler i amb un m\u00ednim d\u2019un any de rep\u00f2s en rimes, obtenim aquest escum\u00f3s suau, fresc i ric en matisos. Sens dubte, un bon exemple del car\u00e0cter mediterrani del nostre celler.<\/div>\n<\/div>\n","protected":false},"featured_media":9523,"comment_status":"closed","ping_status":"closed","template":"","meta":{"_acf_changed":false,"inline_featured_image":false,"site-sidebar-layout":"default","site-content-layout":"default","ast-site-content-layout":"default","site-content-style":"default","site-sidebar-style":"default","ast-global-header-display":"","ast-banner-title-visibility":"","ast-main-header-display":"","ast-hfb-above-header-display":"","ast-hfb-below-header-display":"","ast-hfb-mobile-header-display":"","site-post-title":"","ast-breadcrumbs-content":"","ast-featured-img":"","footer-sml-layout":"","ast-disable-related-posts":"","theme-transparent-header-meta":"default","adv-header-id-meta":"","stick-header-meta":"default","header-above-stick-meta":"","header-main-stick-meta":"","header-below-stick-meta":"","astra-migrate-meta-layouts":"default","ast-page-background-enabled":"default","ast-page-background-meta":{"desktop":{"background-color":"","background-image":"","background-repeat":"repeat","background-position":"center center","background-size":"auto","background-attachment":"scroll","background-type":"","background-media":"","overlay-type":"","overlay-color":"","overlay-opacity":"","overlay-gradient":""},"tablet":{"background-color":"","background-image":"","background-repeat":"repeat","background-position":"center center","background-size":"auto","background-attachment":"scroll","background-type":"","background-media":"","overlay-type":"","overlay-color":"","overlay-opacity":"","overlay-gradient":""},"mobile":{"background-color":"","background-image":"","background-repeat":"repeat","background-position":"center center","background-size":"auto","background-attachment":"scroll","background-type":"","background-media":"","overlay-type":"","overlay-color":"","overlay-opacity":"","overlay-gradient":""}},"ast-content-background-meta":{"desktop":{"background-color":"var(--ast-global-color-5)","background-image":"","background-repeat":"repeat","background-position":"center center","background-size":"auto","background-attachment":"scroll","background-type":"","background-media":"","overlay-type":"","overlay-color":"","overlay-opacity":"","overlay-gradient":""},"tablet":{"background-color":"var(--ast-global-color-5)","background-image":"","background-repeat":"repeat","background-position":"center center","background-size":"auto","background-attachment":"scroll","background-type":"","background-media":"","overlay-type":"","overlay-color":"","overlay-opacity":"","overlay-gradient":""},"mobile":{"background-color":"var(--ast-global-color-5)","background-image":"","background-repeat":"repeat","background-position":"center center","background-size":"auto","background-attachment":"scroll","background-type":"","background-media":"","overlay-type":"","overlay-color":"","overlay-opacity":"","overlay-gradient":""}}},"product_brand":[],"product_cat":[57],"product_tag":[103],"class_list":{"0":"post-660","1":"product","2":"type-product","3":"status-publish","4":"has-post-thumbnail","6":"product_cat-caves","7":"product_tag-cava-ca","8":"desktop-align-center","9":"tablet-align-center","10":"mobile-align-center","11":"ast-product-gallery-layout-horizontal","12":"ast-product-gallery-with-no-image","14":"first","15":"instock","16":"taxable","17":"shipping-taxable","18":"purchasable","19":"product-type-simple"},"acf":[],"_links":{"self":[{"href":"https:\/\/www.papetdelmas.com\/ca\/wp-json\/wp\/v2\/product\/660","targetHints":{"allow":["GET"]}}],"collection":[{"href":"https:\/\/www.papetdelmas.com\/ca\/wp-json\/wp\/v2\/product"}],"about":[{"href":"https:\/\/www.papetdelmas.com\/ca\/wp-json\/wp\/v2\/types\/product"}],"replies":[{"embeddable":true,"href":"https:\/\/www.papetdelmas.com\/ca\/wp-json\/wp\/v2\/comments?post=660"}],"wp:featuredmedia":[{"embeddable":true,"href":"https:\/\/www.papetdelmas.com\/ca\/wp-json\/wp\/v2\/media\/9523"}],"wp:attachment":[{"href":"https:\/\/www.papetdelmas.com\/ca\/wp-json\/wp\/v2\/media?parent=660"}],"wp:term":[{"taxonomy":"product_brand","embeddable":true,"href":"https:\/\/www.papetdelmas.com\/ca\/wp-json\/wp\/v2\/product_brand?post=660"},{"taxonomy":"product_cat","embeddable":true,"href":"https:\/\/www.papetdelmas.com\/ca\/wp-json\/wp\/v2\/product_cat?post=660"},{"taxonomy":"product_tag","embeddable":true,"href":"https:\/\/www.papetdelmas.com\/ca\/wp-json\/wp\/v2\/product_tag?post=660"}],"curies":[{"name":"wp","href":"https:\/\/api.w.org\/{rel}","templated":true}]}}