{"id":8203,"date":"2024-02-14T12:16:11","date_gmt":"2024-02-14T11:16:11","guid":{"rendered":"https:\/\/www.papetdelmas.com\/?post_type=product&#038;p=8203"},"modified":"2026-03-07T01:43:10","modified_gmt":"2026-03-07T00:43:10","slug":"cava-papet-del-mas-brut-nature-reserva","status":"publish","type":"product","link":"https:\/\/www.papetdelmas.com\/ca\/tienda\/caves\/cava-papet-del-mas-brut-nature-reserva\/","title":{"rendered":"Cava Papet Del Mas Brut Nature Reserva"},"content":{"rendered":"<ul>\n<li><strong>ORIGEN:<\/strong> O. Cava, Pened\u00e8s, Barcelona, Espanya<\/li>\n<li><strong>TIPUS DE VI:<\/strong> Cava<\/li>\n<li><strong>RA\u00cfMS:<\/strong> Macabeu, Xarel\u00b7lo, Parellada<\/li>\n<li><strong>ALCOHOL:<\/strong> 11,5%<\/li>\n<\/ul>\n<p><strong>Apr\u00e8n m\u00e9s sobre aquest cava:<\/strong><\/p>\n<ul>\n<li><a href=\"https:\/\/www.papetdelmas.com\/ca\/blog\/el-proces-delaboracio-del-cava-de-la-vinya-a-la-copa\/\">El proc\u00e9s d&#8217;elaboraci\u00f3 del cava<\/a><\/li>\n<li><a href=\"https:\/\/www.papetdelmas.com\/ca\/blog\/cava-i-acidesa-descobrint-lequilibri-perfecte\/\">Cava i acidesa: l&#8217;equilibri perfecte<\/a><\/li>\n<li><a href=\"https:\/\/www.papetdelmas.com\/ca\/blog\/descobreix-les-tendencies-emergents-als-caves-i-vins-catalans-per-al-2024\/\">Tend\u00e8ncies dels caves catalans<\/a><\/li>\n<\/ul>\n","protected":false},"excerpt":{"rendered":"<p>El cava Papet Del Mas Brut Nature Reserva ha estat elaborat mimant les varietats aut\u00f2ctones del Pened\u00e8s, veremades a les finques amb terrers francs, cuidant el cupatge amb una lenta segona fermentaci\u00f3 a baixa temperatura i un silenci\u00f3s rep\u00f2s sobre les mares. El Xarel\u00b7lo aporta el cos i l&#8217;estructura necess\u00e0ria per tolerar el pas del temps. El Macabeu ofereix eleg\u00e0ncia, finor i delicades notes amargues amb aromes de fruita blanca i dol\u00e7a. La Parellada tanca el cupatge amb una lleugera acidesa c\u00edtrica molt refrescant.<\/p>\n","protected":false},"featured_media":9527,"comment_status":"open","ping_status":"closed","template":"","meta":{"_acf_changed":false,"inline_featured_image":false,"site-sidebar-layout":"default","site-content-layout":"default","ast-site-content-layout":"default","site-content-style":"default","site-sidebar-style":"default","ast-global-header-display":"","ast-banner-title-visibility":"","ast-main-header-display":"","ast-hfb-above-header-display":"","ast-hfb-below-header-display":"","ast-hfb-mobile-header-display":"","site-post-title":"","ast-breadcrumbs-content":"","ast-featured-img":"","footer-sml-layout":"","ast-disable-related-posts":"","theme-transparent-header-meta":"default","adv-header-id-meta":"","stick-header-meta":"default","header-above-stick-meta":"","header-main-stick-meta":"","header-below-stick-meta":"","astra-migrate-meta-layouts":"set","ast-page-background-enabled":"default","ast-page-background-meta":{"desktop":{"background-color":"","background-image":"","background-repeat":"repeat","background-position":"center center","background-size":"auto","background-attachment":"scroll","background-type":"","background-media":"","overlay-type":"","overlay-color":"","overlay-opacity":"","overlay-gradient":""},"tablet":{"background-color":"","background-image":"","background-repeat":"repeat","background-position":"center center","background-size":"auto","background-attachment":"scroll","background-type":"","background-media":"","overlay-type":"","overlay-color":"","overlay-opacity":"","overlay-gradient":""},"mobile":{"background-color":"","background-image":"","background-repeat":"repeat","background-position":"center center","background-size":"auto","background-attachment":"scroll","background-type":"","background-media":"","overlay-type":"","overlay-color":"","overlay-opacity":"","overlay-gradient":""}},"ast-content-background-meta":{"desktop":{"background-color":"var(--ast-global-color-5)","background-image":"","background-repeat":"repeat","background-position":"center center","background-size":"auto","background-attachment":"scroll","background-type":"","background-media":"","overlay-type":"","overlay-color":"","overlay-opacity":"","overlay-gradient":""},"tablet":{"background-color":"var(--ast-global-color-5)","background-image":"","background-repeat":"repeat","background-position":"center center","background-size":"auto","background-attachment":"scroll","background-type":"","background-media":"","overlay-type":"","overlay-color":"","overlay-opacity":"","overlay-gradient":""},"mobile":{"background-color":"var(--ast-global-color-5)","background-image":"","background-repeat":"repeat","background-position":"center center","background-size":"auto","background-attachment":"scroll","background-type":"","background-media":"","overlay-type":"","overlay-color":"","overlay-opacity":"","overlay-gradient":""}}},"product_brand":[],"product_cat":[57],"product_tag":[158],"class_list":{"0":"post-8203","1":"product","2":"type-product","3":"status-publish","4":"has-post-thumbnail","6":"product_cat-caves","7":"product_tag-oferta","8":"desktop-align-center","9":"tablet-align-center","10":"mobile-align-center","11":"ast-product-gallery-layout-horizontal","12":"ast-product-gallery-with-no-image","14":"first","15":"instock","16":"taxable","17":"shipping-taxable","18":"purchasable","19":"product-type-simple"},"acf":[],"_links":{"self":[{"href":"https:\/\/www.papetdelmas.com\/ca\/wp-json\/wp\/v2\/product\/8203","targetHints":{"allow":["GET"]}}],"collection":[{"href":"https:\/\/www.papetdelmas.com\/ca\/wp-json\/wp\/v2\/product"}],"about":[{"href":"https:\/\/www.papetdelmas.com\/ca\/wp-json\/wp\/v2\/types\/product"}],"replies":[{"embeddable":true,"href":"https:\/\/www.papetdelmas.com\/ca\/wp-json\/wp\/v2\/comments?post=8203"}],"wp:featuredmedia":[{"embeddable":true,"href":"https:\/\/www.papetdelmas.com\/ca\/wp-json\/wp\/v2\/media\/9527"}],"wp:attachment":[{"href":"https:\/\/www.papetdelmas.com\/ca\/wp-json\/wp\/v2\/media?parent=8203"}],"wp:term":[{"taxonomy":"product_brand","embeddable":true,"href":"https:\/\/www.papetdelmas.com\/ca\/wp-json\/wp\/v2\/product_brand?post=8203"},{"taxonomy":"product_cat","embeddable":true,"href":"https:\/\/www.papetdelmas.com\/ca\/wp-json\/wp\/v2\/product_cat?post=8203"},{"taxonomy":"product_tag","embeddable":true,"href":"https:\/\/www.papetdelmas.com\/ca\/wp-json\/wp\/v2\/product_tag?post=8203"}],"curies":[{"name":"wp","href":"https:\/\/api.w.org\/{rel}","templated":true}]}}